{"id":5897,"date":"2025-09-19T12:21:40","date_gmt":"2025-09-19T12:21:40","guid":{"rendered":"https:\/\/gofi.es\/?post_type=product&#038;p=5897"},"modified":"2025-11-27T08:26:57","modified_gmt":"2025-11-27T08:26:57","slug":"pisco-lampara-pie-havana-sand","status":"publish","type":"product","link":"https:\/\/gofi.es\/es\/producto\/pisco-lampara-pie-havana-sand\/","title":{"rendered":"Pisco Floor Havana Sand"},"content":{"rendered":"<p><strong>MATERIAL<\/strong><br \/>\nPantalla de acetato de celulosa, reflector de PLA y estructura pintada en negro.<\/p>\n<p>&nbsp;<\/p>\n<p><strong>L\u00c1MPARA &amp; CABLE<\/strong><\/p>\n<p class=\"p2\">LED G9, Blanco c\u00e1lido (2800K)<\/p>\n<p class=\"p2\">2 metros, interruptor on\/off incluido.<\/p>\n","protected":false},"excerpt":{"rendered":"<p>MATERIAL Pantalla de acetato de celulosa, reflector de PLA y estructura pintada en negro. &nbsp; L\u00c1MPARA &amp; CABLE LED G9, Blanco c\u00e1lido (2800K) 2 metros, interruptor on\/off incluido.<\/p>\n","protected":false},"featured_media":5886,"template":"","meta":{"_acf_changed":false},"product_brand":[],"product_cat":[157],"product_tag":[],"class_list":{"0":"post-5897","1":"product","2":"type-product","3":"status-publish","4":"has-post-thumbnail","6":"product_cat-pisco-floor-es","8":"first","9":"instock","10":"taxable","11":"shipping-taxable","12":"purchasable","13":"product-type-simple"},"acf":[],"yoast_head":"<!-- This site is optimized with the Yoast SEO plugin v25.6 - https:\/\/yoast.com\/wordpress\/plugins\/seo\/ -->\n<title>Pisco Floor Havana Sand - L\u00e1mpara de acetato de dise\u00f1o - GOFI<\/title>\n<meta name=\"description\" content=\"La l\u00e1mpara Pisco est\u00e1 hecha de acetato de celulosa italiano, un producto extraordinario obtenido a partir de madera y pulpa de algod\u00f3n que es utilizado por las mejores marcas del mundo para producir gafas. La elaboraci\u00f3n manual del acetato garantiza que no haya dos piezas iguales y que las combinaciones de color sean imposibles de reproducir con otro material. Para Pisco, \u00c1lvaro Goula y Pablo Figuera optaron por una pantalla c\u00f3nica: \u201cel cono es el arquetipo de l\u00e1mpara, una forma esencial y l\u00f3gica que nunca pasar\u00e1 de moda\u201d. Adem\u00e1s, esta geometr\u00eda permite que, como las monturas de las gafas, las pantallas se moldeen con calor a partir de formas planas. El proceso, realizado artesanalmente en Barcelona, concluye con un pulido que consigue en el acetato un brillo y transparencia espectaculares.\" \/>\n<meta name=\"robots\" content=\"index, follow, max-snippet:-1, max-image-preview:large, max-video-preview:-1\" \/>\n<link rel=\"canonical\" href=\"https:\/\/gofi.es\/es\/producto\/pisco-lampara-pie-havana-sand\/\" \/>\n<meta property=\"og:locale\" content=\"es_ES\" \/>\n<meta property=\"og:type\" content=\"article\" \/>\n<meta property=\"og:title\" content=\"Pisco Floor Havana Sand - L\u00e1mpara de acetato de dise\u00f1o - GOFI\" \/>\n<meta property=\"og:description\" content=\"La l\u00e1mpara Pisco est\u00e1 hecha de acetato de celulosa italiano, un producto extraordinario obtenido a partir de madera y pulpa de algod\u00f3n que es utilizado por las mejores marcas del mundo para producir gafas. La elaboraci\u00f3n manual del acetato garantiza que no haya dos piezas iguales y que las combinaciones de color sean imposibles de reproducir con otro material. Para Pisco, \u00c1lvaro Goula y Pablo Figuera optaron por una pantalla c\u00f3nica: \u201cel cono es el arquetipo de l\u00e1mpara, una forma esencial y l\u00f3gica que nunca pasar\u00e1 de moda\u201d. Adem\u00e1s, esta geometr\u00eda permite que, como las monturas de las gafas, las pantallas se moldeen con calor a partir de formas planas. El proceso, realizado artesanalmente en Barcelona, concluye con un pulido que consigue en el acetato un brillo y transparencia espectaculares.\" \/>\n<meta property=\"og:url\" content=\"https:\/\/gofi.es\/es\/producto\/pisco-lampara-pie-havana-sand\/\" \/>\n<meta property=\"og:site_name\" content=\"GOFI\" \/>\n<meta property=\"article:modified_time\" content=\"2025-11-27T08:26:57+00:00\" \/>\n<meta property=\"og:image\" content=\"https:\/\/gofi.es\/wp-content\/uploads\/2025\/09\/Piscofloor_havanasand_off_gb-scaled.jpg\" \/>\n\t<meta property=\"og:image:width\" content=\"1700\" \/>\n\t<meta property=\"og:image:height\" content=\"2560\" \/>\n\t<meta property=\"og:image:type\" content=\"image\/jpeg\" \/>\n<meta name=\"twitter:card\" content=\"summary_large_image\" \/>\n<meta name=\"twitter:label1\" content=\"Tiempo de lectura\" \/>\n\t<meta name=\"twitter:data1\" content=\"1 minuto\" \/>\n<script type=\"application\/ld+json\" class=\"yoast-schema-graph\">{\"@context\":\"https:\/\/schema.org\",\"@graph\":[{\"@type\":\"WebPage\",\"@id\":\"https:\/\/gofi.es\/es\/producto\/pisco-lampara-pie-havana-sand\/\",\"url\":\"https:\/\/gofi.es\/es\/producto\/pisco-lampara-pie-havana-sand\/\",\"name\":\"Pisco Floor Havana Sand - L\u00e1mpara de acetato de dise\u00f1o - GOFI\",\"isPartOf\":{\"@id\":\"https:\/\/gofi.es\/#website\"},\"primaryImageOfPage\":{\"@id\":\"https:\/\/gofi.es\/es\/producto\/pisco-lampara-pie-havana-sand\/#primaryimage\"},\"image\":{\"@id\":\"https:\/\/gofi.es\/es\/producto\/pisco-lampara-pie-havana-sand\/#primaryimage\"},\"thumbnailUrl\":\"https:\/\/gofi.es\/wp-content\/uploads\/2025\/09\/Piscofloor_havanasand_off_gb-scaled.jpg\",\"datePublished\":\"2025-09-19T12:21:40+00:00\",\"dateModified\":\"2025-11-27T08:26:57+00:00\",\"description\":\"La l\u00e1mpara Pisco est\u00e1 hecha de acetato de celulosa italiano, un producto extraordinario obtenido a partir de madera y pulpa de algod\u00f3n que es utilizado por las mejores marcas del mundo para producir gafas. La elaboraci\u00f3n manual del acetato garantiza que no haya dos piezas iguales y que las combinaciones de color sean imposibles de reproducir con otro material. Para Pisco, \u00c1lvaro Goula y Pablo Figuera optaron por una pantalla c\u00f3nica: \u201cel cono es el arquetipo de l\u00e1mpara, una forma esencial y l\u00f3gica que nunca pasar\u00e1 de moda\u201d. Adem\u00e1s, esta geometr\u00eda permite que, como las monturas de las gafas, las pantallas se moldeen con calor a partir de formas planas. El proceso, realizado artesanalmente en Barcelona, concluye con un pulido que consigue en el acetato un brillo y transparencia espectaculares.\",\"breadcrumb\":{\"@id\":\"https:\/\/gofi.es\/es\/producto\/pisco-lampara-pie-havana-sand\/#breadcrumb\"},\"inLanguage\":\"es\",\"potentialAction\":[{\"@type\":\"ReadAction\",\"target\":[\"https:\/\/gofi.es\/es\/producto\/pisco-lampara-pie-havana-sand\/\"]}]},{\"@type\":\"ImageObject\",\"inLanguage\":\"es\",\"@id\":\"https:\/\/gofi.es\/es\/producto\/pisco-lampara-pie-havana-sand\/#primaryimage\",\"url\":\"https:\/\/gofi.es\/wp-content\/uploads\/2025\/09\/Piscofloor_havanasand_off_gb-scaled.jpg\",\"contentUrl\":\"https:\/\/gofi.es\/wp-content\/uploads\/2025\/09\/Piscofloor_havanasand_off_gb-scaled.jpg\",\"width\":1700,\"height\":2560},{\"@type\":\"BreadcrumbList\",\"@id\":\"https:\/\/gofi.es\/es\/producto\/pisco-lampara-pie-havana-sand\/#breadcrumb\",\"itemListElement\":[{\"@type\":\"ListItem\",\"position\":1,\"name\":\"Home\",\"item\":\"https:\/\/gofi.es\/es\/\"},{\"@type\":\"ListItem\",\"position\":2,\"name\":\"Todo\",\"item\":\"https:\/\/gofi.es\/es\/tienda\/\"},{\"@type\":\"ListItem\",\"position\":3,\"name\":\"Pisco Floor Havana Sand\"}]},{\"@type\":\"WebSite\",\"@id\":\"https:\/\/gofi.es\/#website\",\"url\":\"https:\/\/gofi.es\/\",\"name\":\"GOFI\",\"description\":\"\",\"publisher\":{\"@id\":\"https:\/\/gofi.es\/#organization\"},\"inLanguage\":\"es\"},{\"@type\":\"Organization\",\"@id\":\"https:\/\/gofi.es\/#organization\",\"name\":\"Gofi\",\"url\":\"https:\/\/gofi.es\/\",\"logo\":{\"@type\":\"ImageObject\",\"inLanguage\":\"es\",\"@id\":\"https:\/\/gofi.es\/#\/schema\/logo\/image\/\",\"url\":\"https:\/\/gofi.es\/wp-content\/uploads\/2018\/04\/gofi-favicon.png\",\"contentUrl\":\"https:\/\/gofi.es\/wp-content\/uploads\/2018\/04\/gofi-favicon.png\",\"width\":512,\"height\":512,\"caption\":\"Gofi\"},\"image\":{\"@id\":\"https:\/\/gofi.es\/#\/schema\/logo\/image\/\"}}]}<\/script>\n<!-- \/ Yoast SEO plugin. -->","yoast_head_json":{"title":"Pisco Floor Havana Sand - L\u00e1mpara de acetato de dise\u00f1o - GOFI","description":"La l\u00e1mpara Pisco est\u00e1 hecha de acetato de celulosa italiano, un producto extraordinario obtenido a partir de madera y pulpa de algod\u00f3n que es utilizado por las mejores marcas del mundo para producir gafas. La elaboraci\u00f3n manual del acetato garantiza que no haya dos piezas iguales y que las combinaciones de color sean imposibles de reproducir con otro material. Para Pisco, \u00c1lvaro Goula y Pablo Figuera optaron por una pantalla c\u00f3nica: \u201cel cono es el arquetipo de l\u00e1mpara, una forma esencial y l\u00f3gica que nunca pasar\u00e1 de moda\u201d. Adem\u00e1s, esta geometr\u00eda permite que, como las monturas de las gafas, las pantallas se moldeen con calor a partir de formas planas. El proceso, realizado artesanalmente en Barcelona, concluye con un pulido que consigue en el acetato un brillo y transparencia espectaculares.","robots":{"index":"index","follow":"follow","max-snippet":"max-snippet:-1","max-image-preview":"max-image-preview:large","max-video-preview":"max-video-preview:-1"},"canonical":"https:\/\/gofi.es\/es\/producto\/pisco-lampara-pie-havana-sand\/","og_locale":"es_ES","og_type":"article","og_title":"Pisco Floor Havana Sand - L\u00e1mpara de acetato de dise\u00f1o - GOFI","og_description":"La l\u00e1mpara Pisco est\u00e1 hecha de acetato de celulosa italiano, un producto extraordinario obtenido a partir de madera y pulpa de algod\u00f3n que es utilizado por las mejores marcas del mundo para producir gafas. La elaboraci\u00f3n manual del acetato garantiza que no haya dos piezas iguales y que las combinaciones de color sean imposibles de reproducir con otro material. Para Pisco, \u00c1lvaro Goula y Pablo Figuera optaron por una pantalla c\u00f3nica: \u201cel cono es el arquetipo de l\u00e1mpara, una forma esencial y l\u00f3gica que nunca pasar\u00e1 de moda\u201d. Adem\u00e1s, esta geometr\u00eda permite que, como las monturas de las gafas, las pantallas se moldeen con calor a partir de formas planas. El proceso, realizado artesanalmente en Barcelona, concluye con un pulido que consigue en el acetato un brillo y transparencia espectaculares.","og_url":"https:\/\/gofi.es\/es\/producto\/pisco-lampara-pie-havana-sand\/","og_site_name":"GOFI","article_modified_time":"2025-11-27T08:26:57+00:00","og_image":[{"width":1700,"height":2560,"url":"https:\/\/gofi.es\/wp-content\/uploads\/2025\/09\/Piscofloor_havanasand_off_gb-scaled.jpg","type":"image\/jpeg"}],"twitter_card":"summary_large_image","twitter_misc":{"Tiempo de lectura":"1 minuto"},"schema":{"@context":"https:\/\/schema.org","@graph":[{"@type":"WebPage","@id":"https:\/\/gofi.es\/es\/producto\/pisco-lampara-pie-havana-sand\/","url":"https:\/\/gofi.es\/es\/producto\/pisco-lampara-pie-havana-sand\/","name":"Pisco Floor Havana Sand - L\u00e1mpara de acetato de dise\u00f1o - GOFI","isPartOf":{"@id":"https:\/\/gofi.es\/#website"},"primaryImageOfPage":{"@id":"https:\/\/gofi.es\/es\/producto\/pisco-lampara-pie-havana-sand\/#primaryimage"},"image":{"@id":"https:\/\/gofi.es\/es\/producto\/pisco-lampara-pie-havana-sand\/#primaryimage"},"thumbnailUrl":"https:\/\/gofi.es\/wp-content\/uploads\/2025\/09\/Piscofloor_havanasand_off_gb-scaled.jpg","datePublished":"2025-09-19T12:21:40+00:00","dateModified":"2025-11-27T08:26:57+00:00","description":"La l\u00e1mpara Pisco est\u00e1 hecha de acetato de celulosa italiano, un producto extraordinario obtenido a partir de madera y pulpa de algod\u00f3n que es utilizado por las mejores marcas del mundo para producir gafas. La elaboraci\u00f3n manual del acetato garantiza que no haya dos piezas iguales y que las combinaciones de color sean imposibles de reproducir con otro material. Para Pisco, \u00c1lvaro Goula y Pablo Figuera optaron por una pantalla c\u00f3nica: \u201cel cono es el arquetipo de l\u00e1mpara, una forma esencial y l\u00f3gica que nunca pasar\u00e1 de moda\u201d. Adem\u00e1s, esta geometr\u00eda permite que, como las monturas de las gafas, las pantallas se moldeen con calor a partir de formas planas. El proceso, realizado artesanalmente en Barcelona, concluye con un pulido que consigue en el acetato un brillo y transparencia espectaculares.","breadcrumb":{"@id":"https:\/\/gofi.es\/es\/producto\/pisco-lampara-pie-havana-sand\/#breadcrumb"},"inLanguage":"es","potentialAction":[{"@type":"ReadAction","target":["https:\/\/gofi.es\/es\/producto\/pisco-lampara-pie-havana-sand\/"]}]},{"@type":"ImageObject","inLanguage":"es","@id":"https:\/\/gofi.es\/es\/producto\/pisco-lampara-pie-havana-sand\/#primaryimage","url":"https:\/\/gofi.es\/wp-content\/uploads\/2025\/09\/Piscofloor_havanasand_off_gb-scaled.jpg","contentUrl":"https:\/\/gofi.es\/wp-content\/uploads\/2025\/09\/Piscofloor_havanasand_off_gb-scaled.jpg","width":1700,"height":2560},{"@type":"BreadcrumbList","@id":"https:\/\/gofi.es\/es\/producto\/pisco-lampara-pie-havana-sand\/#breadcrumb","itemListElement":[{"@type":"ListItem","position":1,"name":"Home","item":"https:\/\/gofi.es\/es\/"},{"@type":"ListItem","position":2,"name":"Todo","item":"https:\/\/gofi.es\/es\/tienda\/"},{"@type":"ListItem","position":3,"name":"Pisco Floor Havana Sand"}]},{"@type":"WebSite","@id":"https:\/\/gofi.es\/#website","url":"https:\/\/gofi.es\/","name":"GOFI","description":"","publisher":{"@id":"https:\/\/gofi.es\/#organization"},"inLanguage":"es"},{"@type":"Organization","@id":"https:\/\/gofi.es\/#organization","name":"Gofi","url":"https:\/\/gofi.es\/","logo":{"@type":"ImageObject","inLanguage":"es","@id":"https:\/\/gofi.es\/#\/schema\/logo\/image\/","url":"https:\/\/gofi.es\/wp-content\/uploads\/2018\/04\/gofi-favicon.png","contentUrl":"https:\/\/gofi.es\/wp-content\/uploads\/2018\/04\/gofi-favicon.png","width":512,"height":512,"caption":"Gofi"},"image":{"@id":"https:\/\/gofi.es\/#\/schema\/logo\/image\/"}}]}},"_links":{"self":[{"href":"https:\/\/gofi.es\/es\/wp-json\/wp\/v2\/product\/5897"}],"collection":[{"href":"https:\/\/gofi.es\/es\/wp-json\/wp\/v2\/product"}],"about":[{"href":"https:\/\/gofi.es\/es\/wp-json\/wp\/v2\/types\/product"}],"wp:featuredmedia":[{"embeddable":true,"href":"https:\/\/gofi.es\/es\/wp-json\/wp\/v2\/media\/5886"}],"wp:attachment":[{"href":"https:\/\/gofi.es\/es\/wp-json\/wp\/v2\/media?parent=5897"}],"wp:term":[{"taxonomy":"product_brand","embeddable":true,"href":"https:\/\/gofi.es\/es\/wp-json\/wp\/v2\/product_brand?post=5897"},{"taxonomy":"product_cat","embeddable":true,"href":"https:\/\/gofi.es\/es\/wp-json\/wp\/v2\/product_cat?post=5897"},{"taxonomy":"product_tag","embeddable":true,"href":"https:\/\/gofi.es\/es\/wp-json\/wp\/v2\/product_tag?post=5897"}],"curies":[{"name":"wp","href":"https:\/\/api.w.org\/{rel}","templated":true}]}}