{"id":5070,"date":"2023-03-24T15:53:05","date_gmt":"2023-03-24T15:53:05","guid":{"rendered":"https:\/\/gofi.es\/?post_type=product&#038;p=5070"},"modified":"2025-09-22T13:58:20","modified_gmt":"2025-09-22T13:58:20","slug":"lampara-foco-mesa-fa-mini-blanco","status":"publish","type":"product","link":"https:\/\/gofi.es\/es\/producto\/lampara-foco-mesa-fa-mini-blanco\/","title":{"rendered":"Fa Mini White"},"content":{"rendered":"<p>Env\u00edo en 10 d\u00edas h\u00e1biles.<\/p>\n<p><strong>MATERIAL<\/strong><br \/>\nAcero pintado en blanco semi mate.<\/p>\n<p>&nbsp;<\/p>\n<p><b>L\u00c1MPARA<\/b><\/p>\n<p>LED GU10<\/p>\n<p>Blanco c\u00e1lido (2700K)<\/p>\n<p><strong>INTERRUPTOR<\/strong><\/p>\n<p>Dimmer: 97x31x40mm<\/p>\n<p>On\/Off: 60x26x20mm<\/p>\n","protected":false},"excerpt":{"rendered":"<p>Env\u00edo en 10 d\u00edas h\u00e1biles. MATERIAL Acero pintado en blanco semi mate. &nbsp; L\u00c1MPARA LED GU10 Blanco c\u00e1lido (2700K) INTERRUPTOR Dimmer: 97x31x40mm On\/Off: 60x26x20mm<\/p>\n","protected":false},"featured_media":5088,"template":"","meta":{"_acf_changed":false},"product_brand":[],"product_cat":[123],"product_tag":[],"class_list":{"0":"post-5070","1":"product","2":"type-product","3":"status-publish","4":"has-post-thumbnail","6":"product_cat-fa-mini-es","8":"first","9":"instock","10":"taxable","11":"shipping-taxable","12":"purchasable","13":"product-type-variable"},"acf":[],"yoast_head":"<!-- This site is optimized with the Yoast SEO plugin v25.6 - https:\/\/yoast.com\/wordpress\/plugins\/seo\/ -->\n<title>Fa Mini White - Foco de pie ajustable - GOFI<\/title>\n<meta name=\"robots\" content=\"index, follow, max-snippet:-1, max-image-preview:large, max-video-preview:-1\" \/>\n<link rel=\"canonical\" href=\"https:\/\/gofi.es\/es\/producto\/lampara-foco-mesa-fa-mini-blanco\/\" \/>\n<meta property=\"og:locale\" content=\"es_ES\" \/>\n<meta property=\"og:type\" content=\"article\" \/>\n<meta property=\"og:title\" content=\"Fa Mini White - Foco de pie ajustable - GOFI\" \/>\n<meta property=\"og:description\" content=\"Env\u00edo en 10 d\u00edas h\u00e1biles. MATERIAL Acero pintado en blanco semi mate. &nbsp; L\u00c1MPARA LED GU10 Blanco c\u00e1lido (2700K) INTERRUPTOR Dimmer: 97x31x40mm On\/Off: 60x26x20mm\" \/>\n<meta property=\"og:url\" content=\"https:\/\/gofi.es\/es\/producto\/lampara-foco-mesa-fa-mini-blanco\/\" \/>\n<meta property=\"og:site_name\" content=\"GOFI\" \/>\n<meta property=\"article:modified_time\" content=\"2025-09-22T13:58:20+00:00\" \/>\n<meta property=\"og:image\" content=\"https:\/\/gofi.es\/wp-content\/uploads\/2023\/03\/Fa_mini_white_grey-1-scaled-delta-1.jpg\" \/>\n\t<meta property=\"og:image:width\" content=\"1707\" \/>\n\t<meta property=\"og:image:height\" content=\"2560\" \/>\n\t<meta property=\"og:image:type\" content=\"image\/jpeg\" \/>\n<meta name=\"twitter:card\" content=\"summary_large_image\" \/>\n<meta name=\"twitter:label1\" content=\"Tiempo de lectura\" \/>\n\t<meta name=\"twitter:data1\" content=\"1 minuto\" \/>\n<script type=\"application\/ld+json\" class=\"yoast-schema-graph\">{\"@context\":\"https:\/\/schema.org\",\"@graph\":[{\"@type\":\"WebPage\",\"@id\":\"https:\/\/gofi.es\/es\/producto\/lampara-foco-mesa-fa-mini-blanco\/\",\"url\":\"https:\/\/gofi.es\/es\/producto\/lampara-foco-mesa-fa-mini-blanco\/\",\"name\":\"Fa Mini White - Foco de pie ajustable - GOFI\",\"isPartOf\":{\"@id\":\"https:\/\/gofi.es\/#website\"},\"primaryImageOfPage\":{\"@id\":\"https:\/\/gofi.es\/es\/producto\/lampara-foco-mesa-fa-mini-blanco\/#primaryimage\"},\"image\":{\"@id\":\"https:\/\/gofi.es\/es\/producto\/lampara-foco-mesa-fa-mini-blanco\/#primaryimage\"},\"thumbnailUrl\":\"https:\/\/gofi.es\/wp-content\/uploads\/2023\/03\/Fa_mini_white_grey-1-scaled-delta-1.jpg\",\"datePublished\":\"2023-03-24T15:53:05+00:00\",\"dateModified\":\"2025-09-22T13:58:20+00:00\",\"breadcrumb\":{\"@id\":\"https:\/\/gofi.es\/es\/producto\/lampara-foco-mesa-fa-mini-blanco\/#breadcrumb\"},\"inLanguage\":\"es\",\"potentialAction\":[{\"@type\":\"ReadAction\",\"target\":[\"https:\/\/gofi.es\/es\/producto\/lampara-foco-mesa-fa-mini-blanco\/\"]}]},{\"@type\":\"ImageObject\",\"inLanguage\":\"es\",\"@id\":\"https:\/\/gofi.es\/es\/producto\/lampara-foco-mesa-fa-mini-blanco\/#primaryimage\",\"url\":\"https:\/\/gofi.es\/wp-content\/uploads\/2023\/03\/Fa_mini_white_grey-1-scaled-delta-1.jpg\",\"contentUrl\":\"https:\/\/gofi.es\/wp-content\/uploads\/2023\/03\/Fa_mini_white_grey-1-scaled-delta-1.jpg\",\"width\":1707,\"height\":2560},{\"@type\":\"BreadcrumbList\",\"@id\":\"https:\/\/gofi.es\/es\/producto\/lampara-foco-mesa-fa-mini-blanco\/#breadcrumb\",\"itemListElement\":[{\"@type\":\"ListItem\",\"position\":1,\"name\":\"Home\",\"item\":\"https:\/\/gofi.es\/es\/\"},{\"@type\":\"ListItem\",\"position\":2,\"name\":\"Todo\",\"item\":\"https:\/\/gofi.es\/es\/tienda\/\"},{\"@type\":\"ListItem\",\"position\":3,\"name\":\"Fa Mini White\"}]},{\"@type\":\"WebSite\",\"@id\":\"https:\/\/gofi.es\/#website\",\"url\":\"https:\/\/gofi.es\/\",\"name\":\"GOFI\",\"description\":\"\",\"publisher\":{\"@id\":\"https:\/\/gofi.es\/#organization\"},\"inLanguage\":\"es\"},{\"@type\":\"Organization\",\"@id\":\"https:\/\/gofi.es\/#organization\",\"name\":\"Gofi\",\"url\":\"https:\/\/gofi.es\/\",\"logo\":{\"@type\":\"ImageObject\",\"inLanguage\":\"es\",\"@id\":\"https:\/\/gofi.es\/#\/schema\/logo\/image\/\",\"url\":\"https:\/\/gofi.es\/wp-content\/uploads\/2018\/04\/gofi-favicon.png\",\"contentUrl\":\"https:\/\/gofi.es\/wp-content\/uploads\/2018\/04\/gofi-favicon.png\",\"width\":512,\"height\":512,\"caption\":\"Gofi\"},\"image\":{\"@id\":\"https:\/\/gofi.es\/#\/schema\/logo\/image\/\"}}]}<\/script>\n<!-- \/ Yoast SEO plugin. -->","yoast_head_json":{"title":"Fa Mini White - Foco de pie ajustable - GOFI","robots":{"index":"index","follow":"follow","max-snippet":"max-snippet:-1","max-image-preview":"max-image-preview:large","max-video-preview":"max-video-preview:-1"},"canonical":"https:\/\/gofi.es\/es\/producto\/lampara-foco-mesa-fa-mini-blanco\/","og_locale":"es_ES","og_type":"article","og_title":"Fa Mini White - Foco de pie ajustable - GOFI","og_description":"Env\u00edo en 10 d\u00edas h\u00e1biles. MATERIAL Acero pintado en blanco semi mate. &nbsp; L\u00c1MPARA LED GU10 Blanco c\u00e1lido (2700K) INTERRUPTOR Dimmer: 97x31x40mm On\/Off: 60x26x20mm","og_url":"https:\/\/gofi.es\/es\/producto\/lampara-foco-mesa-fa-mini-blanco\/","og_site_name":"GOFI","article_modified_time":"2025-09-22T13:58:20+00:00","og_image":[{"width":1707,"height":2560,"url":"https:\/\/gofi.es\/wp-content\/uploads\/2023\/03\/Fa_mini_white_grey-1-scaled-delta-1.jpg","type":"image\/jpeg"}],"twitter_card":"summary_large_image","twitter_misc":{"Tiempo de lectura":"1 minuto"},"schema":{"@context":"https:\/\/schema.org","@graph":[{"@type":"WebPage","@id":"https:\/\/gofi.es\/es\/producto\/lampara-foco-mesa-fa-mini-blanco\/","url":"https:\/\/gofi.es\/es\/producto\/lampara-foco-mesa-fa-mini-blanco\/","name":"Fa Mini White - Foco de pie ajustable - GOFI","isPartOf":{"@id":"https:\/\/gofi.es\/#website"},"primaryImageOfPage":{"@id":"https:\/\/gofi.es\/es\/producto\/lampara-foco-mesa-fa-mini-blanco\/#primaryimage"},"image":{"@id":"https:\/\/gofi.es\/es\/producto\/lampara-foco-mesa-fa-mini-blanco\/#primaryimage"},"thumbnailUrl":"https:\/\/gofi.es\/wp-content\/uploads\/2023\/03\/Fa_mini_white_grey-1-scaled-delta-1.jpg","datePublished":"2023-03-24T15:53:05+00:00","dateModified":"2025-09-22T13:58:20+00:00","breadcrumb":{"@id":"https:\/\/gofi.es\/es\/producto\/lampara-foco-mesa-fa-mini-blanco\/#breadcrumb"},"inLanguage":"es","potentialAction":[{"@type":"ReadAction","target":["https:\/\/gofi.es\/es\/producto\/lampara-foco-mesa-fa-mini-blanco\/"]}]},{"@type":"ImageObject","inLanguage":"es","@id":"https:\/\/gofi.es\/es\/producto\/lampara-foco-mesa-fa-mini-blanco\/#primaryimage","url":"https:\/\/gofi.es\/wp-content\/uploads\/2023\/03\/Fa_mini_white_grey-1-scaled-delta-1.jpg","contentUrl":"https:\/\/gofi.es\/wp-content\/uploads\/2023\/03\/Fa_mini_white_grey-1-scaled-delta-1.jpg","width":1707,"height":2560},{"@type":"BreadcrumbList","@id":"https:\/\/gofi.es\/es\/producto\/lampara-foco-mesa-fa-mini-blanco\/#breadcrumb","itemListElement":[{"@type":"ListItem","position":1,"name":"Home","item":"https:\/\/gofi.es\/es\/"},{"@type":"ListItem","position":2,"name":"Todo","item":"https:\/\/gofi.es\/es\/tienda\/"},{"@type":"ListItem","position":3,"name":"Fa Mini White"}]},{"@type":"WebSite","@id":"https:\/\/gofi.es\/#website","url":"https:\/\/gofi.es\/","name":"GOFI","description":"","publisher":{"@id":"https:\/\/gofi.es\/#organization"},"inLanguage":"es"},{"@type":"Organization","@id":"https:\/\/gofi.es\/#organization","name":"Gofi","url":"https:\/\/gofi.es\/","logo":{"@type":"ImageObject","inLanguage":"es","@id":"https:\/\/gofi.es\/#\/schema\/logo\/image\/","url":"https:\/\/gofi.es\/wp-content\/uploads\/2018\/04\/gofi-favicon.png","contentUrl":"https:\/\/gofi.es\/wp-content\/uploads\/2018\/04\/gofi-favicon.png","width":512,"height":512,"caption":"Gofi"},"image":{"@id":"https:\/\/gofi.es\/#\/schema\/logo\/image\/"}}]}},"_links":{"self":[{"href":"https:\/\/gofi.es\/es\/wp-json\/wp\/v2\/product\/5070"}],"collection":[{"href":"https:\/\/gofi.es\/es\/wp-json\/wp\/v2\/product"}],"about":[{"href":"https:\/\/gofi.es\/es\/wp-json\/wp\/v2\/types\/product"}],"wp:featuredmedia":[{"embeddable":true,"href":"https:\/\/gofi.es\/es\/wp-json\/wp\/v2\/media\/5088"}],"wp:attachment":[{"href":"https:\/\/gofi.es\/es\/wp-json\/wp\/v2\/media?parent=5070"}],"wp:term":[{"taxonomy":"product_brand","embeddable":true,"href":"https:\/\/gofi.es\/es\/wp-json\/wp\/v2\/product_brand?post=5070"},{"taxonomy":"product_cat","embeddable":true,"href":"https:\/\/gofi.es\/es\/wp-json\/wp\/v2\/product_cat?post=5070"},{"taxonomy":"product_tag","embeddable":true,"href":"https:\/\/gofi.es\/es\/wp-json\/wp\/v2\/product_tag?post=5070"}],"curies":[{"name":"wp","href":"https:\/\/api.w.org\/{rel}","templated":true}]}}