{"id":4746,"date":"2022-09-08T11:22:19","date_gmt":"2022-09-08T11:22:19","guid":{"rendered":"https:\/\/gofi.es\/?post_type=product&#038;p=4746"},"modified":"2025-09-10T15:38:50","modified_gmt":"2025-09-10T15:38:50","slug":"quadro-lampara-pared-rosa","status":"publish","type":"product","link":"https:\/\/gofi.es\/es\/producto\/quadro-lampara-pared-rosa\/","title":{"rendered":"Quadro"},"content":{"rendered":"<p>Env\u00edo en 10 d\u00edas h\u00e1biles.<\/p>\n<p><strong>MATERIAL<\/strong><br \/>\nDM lacado<\/p>\n<p><b>DIMENSIONES<\/b><\/p>\n<p>50x70x5cm<\/p>\n<p><strong>L\u00c1MPARA<\/strong><\/p>\n<p>M\u00f3dulo LED 10W<\/p>\n<p>Blanco c\u00e1lido (2700K),<\/p>\n","protected":false},"excerpt":{"rendered":"<p>Env\u00edo en 10 d\u00edas h\u00e1biles. MATERIAL DM lacado DIMENSIONES 50x70x5cm L\u00c1MPARA M\u00f3dulo LED 10W Blanco c\u00e1lido (2700K),<\/p>\n","protected":false},"featured_media":4682,"template":"","meta":{"_acf_changed":false},"product_brand":[],"product_cat":[33,135],"product_tag":[],"class_list":{"0":"post-4746","1":"product","2":"type-product","3":"status-publish","4":"has-post-thumbnail","6":"product_cat-iluminacion","7":"product_cat-quadro-es","9":"first","10":"instock","11":"taxable","12":"shipping-taxable","13":"purchasable","14":"product-type-simple"},"acf":[],"yoast_head":"<!-- This site is optimized with the Yoast SEO plugin v25.6 - https:\/\/yoast.com\/wordpress\/plugins\/seo\/ -->\n<title>Quadro - L\u00e1mpara de pared decorativa - GOFI<\/title>\n<meta name=\"robots\" content=\"index, follow, max-snippet:-1, max-image-preview:large, max-video-preview:-1\" \/>\n<link rel=\"canonical\" href=\"https:\/\/gofi.es\/es\/producto\/quadro-lampara-pared-rosa\/\" \/>\n<meta property=\"og:locale\" content=\"es_ES\" \/>\n<meta property=\"og:type\" content=\"article\" \/>\n<meta property=\"og:title\" content=\"Quadro - L\u00e1mpara de pared decorativa - GOFI\" \/>\n<meta property=\"og:description\" content=\"Env\u00edo en 10 d\u00edas h\u00e1biles. MATERIAL DM lacado DIMENSIONES 50x70x5cm L\u00c1MPARA M\u00f3dulo LED 10W Blanco c\u00e1lido (2700K),\" \/>\n<meta property=\"og:url\" content=\"https:\/\/gofi.es\/es\/producto\/quadro-lampara-pared-rosa\/\" \/>\n<meta property=\"og:site_name\" content=\"GOFI\" \/>\n<meta property=\"article:modified_time\" content=\"2025-09-10T15:38:50+00:00\" \/>\n<meta property=\"og:image\" content=\"https:\/\/gofi.es\/wp-content\/uploads\/2022\/09\/Quadro_pink_on_gb-scaled.jpg\" \/>\n\t<meta property=\"og:image:width\" content=\"1700\" \/>\n\t<meta property=\"og:image:height\" content=\"2560\" \/>\n\t<meta property=\"og:image:type\" content=\"image\/jpeg\" \/>\n<meta name=\"twitter:card\" content=\"summary_large_image\" \/>\n<meta name=\"twitter:label1\" content=\"Tiempo de lectura\" \/>\n\t<meta name=\"twitter:data1\" content=\"1 minuto\" \/>\n<script type=\"application\/ld+json\" class=\"yoast-schema-graph\">{\"@context\":\"https:\/\/schema.org\",\"@graph\":[{\"@type\":\"WebPage\",\"@id\":\"https:\/\/gofi.es\/es\/producto\/quadro-lampara-pared-rosa\/\",\"url\":\"https:\/\/gofi.es\/es\/producto\/quadro-lampara-pared-rosa\/\",\"name\":\"Quadro - L\u00e1mpara de pared decorativa - GOFI\",\"isPartOf\":{\"@id\":\"https:\/\/gofi.es\/#website\"},\"primaryImageOfPage\":{\"@id\":\"https:\/\/gofi.es\/es\/producto\/quadro-lampara-pared-rosa\/#primaryimage\"},\"image\":{\"@id\":\"https:\/\/gofi.es\/es\/producto\/quadro-lampara-pared-rosa\/#primaryimage\"},\"thumbnailUrl\":\"https:\/\/gofi.es\/wp-content\/uploads\/2022\/09\/Quadro_pink_on_gb-scaled.jpg\",\"datePublished\":\"2022-09-08T11:22:19+00:00\",\"dateModified\":\"2025-09-10T15:38:50+00:00\",\"breadcrumb\":{\"@id\":\"https:\/\/gofi.es\/es\/producto\/quadro-lampara-pared-rosa\/#breadcrumb\"},\"inLanguage\":\"es\",\"potentialAction\":[{\"@type\":\"ReadAction\",\"target\":[\"https:\/\/gofi.es\/es\/producto\/quadro-lampara-pared-rosa\/\"]}]},{\"@type\":\"ImageObject\",\"inLanguage\":\"es\",\"@id\":\"https:\/\/gofi.es\/es\/producto\/quadro-lampara-pared-rosa\/#primaryimage\",\"url\":\"https:\/\/gofi.es\/wp-content\/uploads\/2022\/09\/Quadro_pink_on_gb-scaled.jpg\",\"contentUrl\":\"https:\/\/gofi.es\/wp-content\/uploads\/2022\/09\/Quadro_pink_on_gb-scaled.jpg\",\"width\":1700,\"height\":2560},{\"@type\":\"BreadcrumbList\",\"@id\":\"https:\/\/gofi.es\/es\/producto\/quadro-lampara-pared-rosa\/#breadcrumb\",\"itemListElement\":[{\"@type\":\"ListItem\",\"position\":1,\"name\":\"Home\",\"item\":\"https:\/\/gofi.es\/es\/\"},{\"@type\":\"ListItem\",\"position\":2,\"name\":\"Todo\",\"item\":\"https:\/\/gofi.es\/es\/tienda\/\"},{\"@type\":\"ListItem\",\"position\":3,\"name\":\"Quadro\"}]},{\"@type\":\"WebSite\",\"@id\":\"https:\/\/gofi.es\/#website\",\"url\":\"https:\/\/gofi.es\/\",\"name\":\"GOFI\",\"description\":\"\",\"publisher\":{\"@id\":\"https:\/\/gofi.es\/#organization\"},\"inLanguage\":\"es\"},{\"@type\":\"Organization\",\"@id\":\"https:\/\/gofi.es\/#organization\",\"name\":\"Gofi\",\"url\":\"https:\/\/gofi.es\/\",\"logo\":{\"@type\":\"ImageObject\",\"inLanguage\":\"es\",\"@id\":\"https:\/\/gofi.es\/#\/schema\/logo\/image\/\",\"url\":\"https:\/\/gofi.es\/wp-content\/uploads\/2018\/04\/gofi-favicon.png\",\"contentUrl\":\"https:\/\/gofi.es\/wp-content\/uploads\/2018\/04\/gofi-favicon.png\",\"width\":512,\"height\":512,\"caption\":\"Gofi\"},\"image\":{\"@id\":\"https:\/\/gofi.es\/#\/schema\/logo\/image\/\"}}]}<\/script>\n<!-- \/ Yoast SEO plugin. -->","yoast_head_json":{"title":"Quadro - L\u00e1mpara de pared decorativa - GOFI","robots":{"index":"index","follow":"follow","max-snippet":"max-snippet:-1","max-image-preview":"max-image-preview:large","max-video-preview":"max-video-preview:-1"},"canonical":"https:\/\/gofi.es\/es\/producto\/quadro-lampara-pared-rosa\/","og_locale":"es_ES","og_type":"article","og_title":"Quadro - L\u00e1mpara de pared decorativa - GOFI","og_description":"Env\u00edo en 10 d\u00edas h\u00e1biles. MATERIAL DM lacado DIMENSIONES 50x70x5cm L\u00c1MPARA M\u00f3dulo LED 10W Blanco c\u00e1lido (2700K),","og_url":"https:\/\/gofi.es\/es\/producto\/quadro-lampara-pared-rosa\/","og_site_name":"GOFI","article_modified_time":"2025-09-10T15:38:50+00:00","og_image":[{"width":1700,"height":2560,"url":"https:\/\/gofi.es\/wp-content\/uploads\/2022\/09\/Quadro_pink_on_gb-scaled.jpg","type":"image\/jpeg"}],"twitter_card":"summary_large_image","twitter_misc":{"Tiempo de lectura":"1 minuto"},"schema":{"@context":"https:\/\/schema.org","@graph":[{"@type":"WebPage","@id":"https:\/\/gofi.es\/es\/producto\/quadro-lampara-pared-rosa\/","url":"https:\/\/gofi.es\/es\/producto\/quadro-lampara-pared-rosa\/","name":"Quadro - L\u00e1mpara de pared decorativa - GOFI","isPartOf":{"@id":"https:\/\/gofi.es\/#website"},"primaryImageOfPage":{"@id":"https:\/\/gofi.es\/es\/producto\/quadro-lampara-pared-rosa\/#primaryimage"},"image":{"@id":"https:\/\/gofi.es\/es\/producto\/quadro-lampara-pared-rosa\/#primaryimage"},"thumbnailUrl":"https:\/\/gofi.es\/wp-content\/uploads\/2022\/09\/Quadro_pink_on_gb-scaled.jpg","datePublished":"2022-09-08T11:22:19+00:00","dateModified":"2025-09-10T15:38:50+00:00","breadcrumb":{"@id":"https:\/\/gofi.es\/es\/producto\/quadro-lampara-pared-rosa\/#breadcrumb"},"inLanguage":"es","potentialAction":[{"@type":"ReadAction","target":["https:\/\/gofi.es\/es\/producto\/quadro-lampara-pared-rosa\/"]}]},{"@type":"ImageObject","inLanguage":"es","@id":"https:\/\/gofi.es\/es\/producto\/quadro-lampara-pared-rosa\/#primaryimage","url":"https:\/\/gofi.es\/wp-content\/uploads\/2022\/09\/Quadro_pink_on_gb-scaled.jpg","contentUrl":"https:\/\/gofi.es\/wp-content\/uploads\/2022\/09\/Quadro_pink_on_gb-scaled.jpg","width":1700,"height":2560},{"@type":"BreadcrumbList","@id":"https:\/\/gofi.es\/es\/producto\/quadro-lampara-pared-rosa\/#breadcrumb","itemListElement":[{"@type":"ListItem","position":1,"name":"Home","item":"https:\/\/gofi.es\/es\/"},{"@type":"ListItem","position":2,"name":"Todo","item":"https:\/\/gofi.es\/es\/tienda\/"},{"@type":"ListItem","position":3,"name":"Quadro"}]},{"@type":"WebSite","@id":"https:\/\/gofi.es\/#website","url":"https:\/\/gofi.es\/","name":"GOFI","description":"","publisher":{"@id":"https:\/\/gofi.es\/#organization"},"inLanguage":"es"},{"@type":"Organization","@id":"https:\/\/gofi.es\/#organization","name":"Gofi","url":"https:\/\/gofi.es\/","logo":{"@type":"ImageObject","inLanguage":"es","@id":"https:\/\/gofi.es\/#\/schema\/logo\/image\/","url":"https:\/\/gofi.es\/wp-content\/uploads\/2018\/04\/gofi-favicon.png","contentUrl":"https:\/\/gofi.es\/wp-content\/uploads\/2018\/04\/gofi-favicon.png","width":512,"height":512,"caption":"Gofi"},"image":{"@id":"https:\/\/gofi.es\/#\/schema\/logo\/image\/"}}]}},"_links":{"self":[{"href":"https:\/\/gofi.es\/es\/wp-json\/wp\/v2\/product\/4746"}],"collection":[{"href":"https:\/\/gofi.es\/es\/wp-json\/wp\/v2\/product"}],"about":[{"href":"https:\/\/gofi.es\/es\/wp-json\/wp\/v2\/types\/product"}],"wp:featuredmedia":[{"embeddable":true,"href":"https:\/\/gofi.es\/es\/wp-json\/wp\/v2\/media\/4682"}],"wp:attachment":[{"href":"https:\/\/gofi.es\/es\/wp-json\/wp\/v2\/media?parent=4746"}],"wp:term":[{"taxonomy":"product_brand","embeddable":true,"href":"https:\/\/gofi.es\/es\/wp-json\/wp\/v2\/product_brand?post=4746"},{"taxonomy":"product_cat","embeddable":true,"href":"https:\/\/gofi.es\/es\/wp-json\/wp\/v2\/product_cat?post=4746"},{"taxonomy":"product_tag","embeddable":true,"href":"https:\/\/gofi.es\/es\/wp-json\/wp\/v2\/product_tag?post=4746"}],"curies":[{"name":"wp","href":"https:\/\/api.w.org\/{rel}","templated":true}]}}