{"id":4562,"date":"2022-04-28T15:22:03","date_gmt":"2022-04-28T15:22:03","guid":{"rendered":"https:\/\/gofi.es\/?post_type=product&#038;p=4562"},"modified":"2025-09-22T13:56:11","modified_gmt":"2025-09-22T13:56:11","slug":"lampara-pared-foco-fa-negro","status":"publish","type":"product","link":"https:\/\/gofi.es\/es\/producto\/lampara-pared-foco-fa-negro\/","title":{"rendered":"Fa Wall Black"},"content":{"rendered":"<p>Env\u00edo en 10 d\u00edas h\u00e1biles.<\/p>\n<p><strong>MATERIAL<\/strong><br \/>\nAcero pintado en negro semi mate.<\/p>\n<p>&nbsp;<\/p>\n<p><b>L\u00c1MPARA<\/b><\/p>\n<p>LED GU10<\/p>\n<p>Blanco c\u00e1lido (2700K)<\/p>\n<p><strong>INTERRUPTOR<\/strong><\/p>\n<p>Dimmer: 97x31x40mm<\/p>\n<p>On\/Off: 60x26x20mm<\/p>\n","protected":false},"excerpt":{"rendered":"<p>Env\u00edo en 10 d\u00edas h\u00e1biles. MATERIAL Acero pintado en negro semi mate. &nbsp; L\u00c1MPARA LED GU10 Blanco c\u00e1lido (2700K) INTERRUPTOR Dimmer: 97x31x40mm On\/Off: 60x26x20mm<\/p>\n","protected":false},"featured_media":4574,"template":"","meta":{"_acf_changed":false},"product_brand":[],"product_cat":[133],"product_tag":[],"class_list":{"0":"post-4562","1":"product","2":"type-product","3":"status-publish","4":"has-post-thumbnail","6":"product_cat-fa-wall-es","8":"first","9":"instock","10":"taxable","11":"shipping-taxable","12":"purchasable","13":"product-type-variable","14":"has-default-attributes"},"acf":[],"yoast_head":"<!-- This site is optimized with the Yoast SEO plugin v25.6 - https:\/\/yoast.com\/wordpress\/plugins\/seo\/ -->\n<title>Fa Wall Black - L\u00e1mpara de pared ajustable - GOFI<\/title>\n<meta name=\"robots\" content=\"index, follow, max-snippet:-1, max-image-preview:large, max-video-preview:-1\" \/>\n<link rel=\"canonical\" href=\"https:\/\/gofi.es\/es\/producto\/lampara-pared-foco-fa-negro\/\" \/>\n<meta property=\"og:locale\" content=\"es_ES\" \/>\n<meta property=\"og:type\" content=\"article\" \/>\n<meta property=\"og:title\" content=\"Fa Wall Black - L\u00e1mpara de pared ajustable - GOFI\" \/>\n<meta property=\"og:description\" content=\"Env\u00edo en 10 d\u00edas h\u00e1biles. MATERIAL Acero pintado en negro semi mate. &nbsp; L\u00c1MPARA LED GU10 Blanco c\u00e1lido (2700K) INTERRUPTOR Dimmer: 97x31x40mm On\/Off: 60x26x20mm\" \/>\n<meta property=\"og:url\" content=\"https:\/\/gofi.es\/es\/producto\/lampara-pared-foco-fa-negro\/\" \/>\n<meta property=\"og:site_name\" content=\"GOFI\" \/>\n<meta property=\"article:modified_time\" content=\"2025-09-22T13:56:11+00:00\" \/>\n<meta property=\"og:image\" content=\"https:\/\/gofi.es\/wp-content\/uploads\/2022\/04\/Fa_wall_black_01_grey-1-scaled.jpg\" \/>\n\t<meta property=\"og:image:width\" content=\"1701\" \/>\n\t<meta property=\"og:image:height\" content=\"2560\" \/>\n\t<meta property=\"og:image:type\" content=\"image\/jpeg\" \/>\n<meta name=\"twitter:card\" content=\"summary_large_image\" \/>\n<meta name=\"twitter:label1\" content=\"Tiempo de lectura\" \/>\n\t<meta name=\"twitter:data1\" content=\"1 minuto\" \/>\n<script type=\"application\/ld+json\" class=\"yoast-schema-graph\">{\"@context\":\"https:\/\/schema.org\",\"@graph\":[{\"@type\":\"WebPage\",\"@id\":\"https:\/\/gofi.es\/es\/producto\/lampara-pared-foco-fa-negro\/\",\"url\":\"https:\/\/gofi.es\/es\/producto\/lampara-pared-foco-fa-negro\/\",\"name\":\"Fa Wall Black - L\u00e1mpara de pared ajustable - GOFI\",\"isPartOf\":{\"@id\":\"https:\/\/gofi.es\/#website\"},\"primaryImageOfPage\":{\"@id\":\"https:\/\/gofi.es\/es\/producto\/lampara-pared-foco-fa-negro\/#primaryimage\"},\"image\":{\"@id\":\"https:\/\/gofi.es\/es\/producto\/lampara-pared-foco-fa-negro\/#primaryimage\"},\"thumbnailUrl\":\"https:\/\/gofi.es\/wp-content\/uploads\/2022\/04\/Fa_wall_black_01_grey-1-scaled.jpg\",\"datePublished\":\"2022-04-28T15:22:03+00:00\",\"dateModified\":\"2025-09-22T13:56:11+00:00\",\"breadcrumb\":{\"@id\":\"https:\/\/gofi.es\/es\/producto\/lampara-pared-foco-fa-negro\/#breadcrumb\"},\"inLanguage\":\"es\",\"potentialAction\":[{\"@type\":\"ReadAction\",\"target\":[\"https:\/\/gofi.es\/es\/producto\/lampara-pared-foco-fa-negro\/\"]}]},{\"@type\":\"ImageObject\",\"inLanguage\":\"es\",\"@id\":\"https:\/\/gofi.es\/es\/producto\/lampara-pared-foco-fa-negro\/#primaryimage\",\"url\":\"https:\/\/gofi.es\/wp-content\/uploads\/2022\/04\/Fa_wall_black_01_grey-1-scaled.jpg\",\"contentUrl\":\"https:\/\/gofi.es\/wp-content\/uploads\/2022\/04\/Fa_wall_black_01_grey-1-scaled.jpg\",\"width\":1701,\"height\":2560},{\"@type\":\"BreadcrumbList\",\"@id\":\"https:\/\/gofi.es\/es\/producto\/lampara-pared-foco-fa-negro\/#breadcrumb\",\"itemListElement\":[{\"@type\":\"ListItem\",\"position\":1,\"name\":\"Home\",\"item\":\"https:\/\/gofi.es\/es\/\"},{\"@type\":\"ListItem\",\"position\":2,\"name\":\"Todo\",\"item\":\"https:\/\/gofi.es\/es\/tienda\/\"},{\"@type\":\"ListItem\",\"position\":3,\"name\":\"Fa Wall Black\"}]},{\"@type\":\"WebSite\",\"@id\":\"https:\/\/gofi.es\/#website\",\"url\":\"https:\/\/gofi.es\/\",\"name\":\"GOFI\",\"description\":\"\",\"publisher\":{\"@id\":\"https:\/\/gofi.es\/#organization\"},\"inLanguage\":\"es\"},{\"@type\":\"Organization\",\"@id\":\"https:\/\/gofi.es\/#organization\",\"name\":\"Gofi\",\"url\":\"https:\/\/gofi.es\/\",\"logo\":{\"@type\":\"ImageObject\",\"inLanguage\":\"es\",\"@id\":\"https:\/\/gofi.es\/#\/schema\/logo\/image\/\",\"url\":\"https:\/\/gofi.es\/wp-content\/uploads\/2018\/04\/gofi-favicon.png\",\"contentUrl\":\"https:\/\/gofi.es\/wp-content\/uploads\/2018\/04\/gofi-favicon.png\",\"width\":512,\"height\":512,\"caption\":\"Gofi\"},\"image\":{\"@id\":\"https:\/\/gofi.es\/#\/schema\/logo\/image\/\"}}]}<\/script>\n<!-- \/ Yoast SEO plugin. -->","yoast_head_json":{"title":"Fa Wall Black - L\u00e1mpara de pared ajustable - GOFI","robots":{"index":"index","follow":"follow","max-snippet":"max-snippet:-1","max-image-preview":"max-image-preview:large","max-video-preview":"max-video-preview:-1"},"canonical":"https:\/\/gofi.es\/es\/producto\/lampara-pared-foco-fa-negro\/","og_locale":"es_ES","og_type":"article","og_title":"Fa Wall Black - L\u00e1mpara de pared ajustable - GOFI","og_description":"Env\u00edo en 10 d\u00edas h\u00e1biles. MATERIAL Acero pintado en negro semi mate. &nbsp; L\u00c1MPARA LED GU10 Blanco c\u00e1lido (2700K) INTERRUPTOR Dimmer: 97x31x40mm On\/Off: 60x26x20mm","og_url":"https:\/\/gofi.es\/es\/producto\/lampara-pared-foco-fa-negro\/","og_site_name":"GOFI","article_modified_time":"2025-09-22T13:56:11+00:00","og_image":[{"width":1701,"height":2560,"url":"https:\/\/gofi.es\/wp-content\/uploads\/2022\/04\/Fa_wall_black_01_grey-1-scaled.jpg","type":"image\/jpeg"}],"twitter_card":"summary_large_image","twitter_misc":{"Tiempo de lectura":"1 minuto"},"schema":{"@context":"https:\/\/schema.org","@graph":[{"@type":"WebPage","@id":"https:\/\/gofi.es\/es\/producto\/lampara-pared-foco-fa-negro\/","url":"https:\/\/gofi.es\/es\/producto\/lampara-pared-foco-fa-negro\/","name":"Fa Wall Black - L\u00e1mpara de pared ajustable - GOFI","isPartOf":{"@id":"https:\/\/gofi.es\/#website"},"primaryImageOfPage":{"@id":"https:\/\/gofi.es\/es\/producto\/lampara-pared-foco-fa-negro\/#primaryimage"},"image":{"@id":"https:\/\/gofi.es\/es\/producto\/lampara-pared-foco-fa-negro\/#primaryimage"},"thumbnailUrl":"https:\/\/gofi.es\/wp-content\/uploads\/2022\/04\/Fa_wall_black_01_grey-1-scaled.jpg","datePublished":"2022-04-28T15:22:03+00:00","dateModified":"2025-09-22T13:56:11+00:00","breadcrumb":{"@id":"https:\/\/gofi.es\/es\/producto\/lampara-pared-foco-fa-negro\/#breadcrumb"},"inLanguage":"es","potentialAction":[{"@type":"ReadAction","target":["https:\/\/gofi.es\/es\/producto\/lampara-pared-foco-fa-negro\/"]}]},{"@type":"ImageObject","inLanguage":"es","@id":"https:\/\/gofi.es\/es\/producto\/lampara-pared-foco-fa-negro\/#primaryimage","url":"https:\/\/gofi.es\/wp-content\/uploads\/2022\/04\/Fa_wall_black_01_grey-1-scaled.jpg","contentUrl":"https:\/\/gofi.es\/wp-content\/uploads\/2022\/04\/Fa_wall_black_01_grey-1-scaled.jpg","width":1701,"height":2560},{"@type":"BreadcrumbList","@id":"https:\/\/gofi.es\/es\/producto\/lampara-pared-foco-fa-negro\/#breadcrumb","itemListElement":[{"@type":"ListItem","position":1,"name":"Home","item":"https:\/\/gofi.es\/es\/"},{"@type":"ListItem","position":2,"name":"Todo","item":"https:\/\/gofi.es\/es\/tienda\/"},{"@type":"ListItem","position":3,"name":"Fa Wall Black"}]},{"@type":"WebSite","@id":"https:\/\/gofi.es\/#website","url":"https:\/\/gofi.es\/","name":"GOFI","description":"","publisher":{"@id":"https:\/\/gofi.es\/#organization"},"inLanguage":"es"},{"@type":"Organization","@id":"https:\/\/gofi.es\/#organization","name":"Gofi","url":"https:\/\/gofi.es\/","logo":{"@type":"ImageObject","inLanguage":"es","@id":"https:\/\/gofi.es\/#\/schema\/logo\/image\/","url":"https:\/\/gofi.es\/wp-content\/uploads\/2018\/04\/gofi-favicon.png","contentUrl":"https:\/\/gofi.es\/wp-content\/uploads\/2018\/04\/gofi-favicon.png","width":512,"height":512,"caption":"Gofi"},"image":{"@id":"https:\/\/gofi.es\/#\/schema\/logo\/image\/"}}]}},"_links":{"self":[{"href":"https:\/\/gofi.es\/es\/wp-json\/wp\/v2\/product\/4562"}],"collection":[{"href":"https:\/\/gofi.es\/es\/wp-json\/wp\/v2\/product"}],"about":[{"href":"https:\/\/gofi.es\/es\/wp-json\/wp\/v2\/types\/product"}],"wp:featuredmedia":[{"embeddable":true,"href":"https:\/\/gofi.es\/es\/wp-json\/wp\/v2\/media\/4574"}],"wp:attachment":[{"href":"https:\/\/gofi.es\/es\/wp-json\/wp\/v2\/media?parent=4562"}],"wp:term":[{"taxonomy":"product_brand","embeddable":true,"href":"https:\/\/gofi.es\/es\/wp-json\/wp\/v2\/product_brand?post=4562"},{"taxonomy":"product_cat","embeddable":true,"href":"https:\/\/gofi.es\/es\/wp-json\/wp\/v2\/product_cat?post=4562"},{"taxonomy":"product_tag","embeddable":true,"href":"https:\/\/gofi.es\/es\/wp-json\/wp\/v2\/product_tag?post=4562"}],"curies":[{"name":"wp","href":"https:\/\/api.w.org\/{rel}","templated":true}]}}