{"id":2680,"date":"2018-11-22T15:13:17","date_gmt":"2018-11-22T15:13:17","guid":{"rendered":"https:\/\/gofi.es\/?post_type=product&#038;p=2680"},"modified":"2024-12-02T00:03:16","modified_gmt":"2024-12-02T00:03:16","slug":"silla-comedor-negra-gofi","status":"publish","type":"product","link":"https:\/\/gofi.es\/es\/producto\/silla-comedor-negra-gofi\/","title":{"rendered":"Silla Gofi"},"content":{"rendered":"<p>Precio por unidad.<\/p>\n<p>*Solo disponible en incrementos de 2.<\/p>\n<p>&nbsp;<\/p>\n<p><strong>MATERIAL<\/strong><\/p>\n<p>Madera de haya pintada y tubo de acero pintado al polvo en negro semi mate.<\/p>\n<p><strong>DIMENSIONES<\/strong><\/p>\n<p>77 x 41 x 46cm<\/p>\n","protected":false},"excerpt":{"rendered":"<p>Precio por unidad. *Solo disponible en incrementos de 2. &nbsp; MATERIAL Madera de haya pintada y tubo de acero pintado al polvo en negro semi mate. DIMENSIONES 77 x 41 x 46cm<\/p>\n","protected":false},"featured_media":2743,"template":"","meta":{"_acf_changed":false},"product_brand":[],"product_cat":[39,114],"product_tag":[],"class_list":{"0":"post-2680","1":"product","2":"type-product","3":"status-publish","4":"has-post-thumbnail","6":"product_cat-mobiliario","7":"product_cat-silla-gofi","9":"first","10":"instock","11":"taxable","12":"shipping-taxable","13":"purchasable","14":"product-type-simple"},"acf":[],"yoast_head":"<!-- This site is optimized with the Yoast SEO plugin v25.6 - https:\/\/yoast.com\/wordpress\/plugins\/seo\/ -->\n<title>Silla Gofi - Moderna y elegante silla de dise\u00f1o - GOFI<\/title>\n<meta name=\"description\" content=\"La silla Gofi est\u00e1 trazada con un gesto r\u00e1pido: lineas rectas, un c\u00edrculo y un rect\u00e1ngulo;\u00a0Un dise\u00f1o aparentemente sencillo que pone el foco de inter\u00e9s en la parte trasera, la que m\u00e1s vemos de una silla cuando est\u00e1 junto a una mesa.\" \/>\n<meta name=\"robots\" content=\"index, follow, max-snippet:-1, max-image-preview:large, max-video-preview:-1\" \/>\n<link rel=\"canonical\" href=\"https:\/\/gofi.es\/es\/producto\/silla-comedor-negra-gofi\/\" \/>\n<meta property=\"og:locale\" content=\"es_ES\" \/>\n<meta property=\"og:type\" content=\"article\" \/>\n<meta property=\"og:title\" content=\"Silla Gofi - Moderna y elegante silla de dise\u00f1o - GOFI\" \/>\n<meta property=\"og:description\" content=\"La silla Gofi est\u00e1 trazada con un gesto r\u00e1pido: lineas rectas, un c\u00edrculo y un rect\u00e1ngulo;\u00a0Un dise\u00f1o aparentemente sencillo que pone el foco de inter\u00e9s en la parte trasera, la que m\u00e1s vemos de una silla cuando est\u00e1 junto a una mesa.\" \/>\n<meta property=\"og:url\" content=\"https:\/\/gofi.es\/es\/producto\/silla-comedor-negra-gofi\/\" \/>\n<meta property=\"og:site_name\" content=\"GOFI\" \/>\n<meta property=\"article:modified_time\" content=\"2024-12-02T00:03:16+00:00\" \/>\n<meta property=\"og:image\" content=\"https:\/\/gofi.es\/wp-content\/uploads\/2018\/11\/gofi-chair-perspective-black.jpg\" \/>\n\t<meta property=\"og:image:width\" content=\"1328\" \/>\n\t<meta property=\"og:image:height\" content=\"2000\" \/>\n\t<meta property=\"og:image:type\" content=\"image\/jpeg\" \/>\n<meta name=\"twitter:card\" content=\"summary_large_image\" \/>\n<meta name=\"twitter:label1\" content=\"Tiempo de lectura\" \/>\n\t<meta name=\"twitter:data1\" content=\"1 minuto\" \/>\n<script type=\"application\/ld+json\" class=\"yoast-schema-graph\">{\"@context\":\"https:\/\/schema.org\",\"@graph\":[{\"@type\":\"WebPage\",\"@id\":\"https:\/\/gofi.es\/es\/producto\/silla-comedor-negra-gofi\/\",\"url\":\"https:\/\/gofi.es\/es\/producto\/silla-comedor-negra-gofi\/\",\"name\":\"Silla Gofi - Moderna y elegante silla de dise\u00f1o - GOFI\",\"isPartOf\":{\"@id\":\"https:\/\/gofi.es\/#website\"},\"primaryImageOfPage\":{\"@id\":\"https:\/\/gofi.es\/es\/producto\/silla-comedor-negra-gofi\/#primaryimage\"},\"image\":{\"@id\":\"https:\/\/gofi.es\/es\/producto\/silla-comedor-negra-gofi\/#primaryimage\"},\"thumbnailUrl\":\"https:\/\/gofi.es\/wp-content\/uploads\/2018\/11\/gofi-chair-perspective-black.jpg\",\"datePublished\":\"2018-11-22T15:13:17+00:00\",\"dateModified\":\"2024-12-02T00:03:16+00:00\",\"description\":\"La silla Gofi est\u00e1 trazada con un gesto r\u00e1pido: lineas rectas, un c\u00edrculo y un rect\u00e1ngulo;\u00a0Un dise\u00f1o aparentemente sencillo que pone el foco de inter\u00e9s en la parte trasera, la que m\u00e1s vemos de una silla cuando est\u00e1 junto a una mesa.\",\"breadcrumb\":{\"@id\":\"https:\/\/gofi.es\/es\/producto\/silla-comedor-negra-gofi\/#breadcrumb\"},\"inLanguage\":\"es\",\"potentialAction\":[{\"@type\":\"ReadAction\",\"target\":[\"https:\/\/gofi.es\/es\/producto\/silla-comedor-negra-gofi\/\"]}]},{\"@type\":\"ImageObject\",\"inLanguage\":\"es\",\"@id\":\"https:\/\/gofi.es\/es\/producto\/silla-comedor-negra-gofi\/#primaryimage\",\"url\":\"https:\/\/gofi.es\/wp-content\/uploads\/2018\/11\/gofi-chair-perspective-black.jpg\",\"contentUrl\":\"https:\/\/gofi.es\/wp-content\/uploads\/2018\/11\/gofi-chair-perspective-black.jpg\",\"width\":1328,\"height\":2000},{\"@type\":\"BreadcrumbList\",\"@id\":\"https:\/\/gofi.es\/es\/producto\/silla-comedor-negra-gofi\/#breadcrumb\",\"itemListElement\":[{\"@type\":\"ListItem\",\"position\":1,\"name\":\"Home\",\"item\":\"https:\/\/gofi.es\/es\/\"},{\"@type\":\"ListItem\",\"position\":2,\"name\":\"Todo\",\"item\":\"https:\/\/gofi.es\/es\/tienda\/\"},{\"@type\":\"ListItem\",\"position\":3,\"name\":\"Silla Gofi\"}]},{\"@type\":\"WebSite\",\"@id\":\"https:\/\/gofi.es\/#website\",\"url\":\"https:\/\/gofi.es\/\",\"name\":\"GOFI\",\"description\":\"\",\"publisher\":{\"@id\":\"https:\/\/gofi.es\/#organization\"},\"inLanguage\":\"es\"},{\"@type\":\"Organization\",\"@id\":\"https:\/\/gofi.es\/#organization\",\"name\":\"Gofi\",\"url\":\"https:\/\/gofi.es\/\",\"logo\":{\"@type\":\"ImageObject\",\"inLanguage\":\"es\",\"@id\":\"https:\/\/gofi.es\/#\/schema\/logo\/image\/\",\"url\":\"https:\/\/gofi.es\/wp-content\/uploads\/2018\/04\/gofi-favicon.png\",\"contentUrl\":\"https:\/\/gofi.es\/wp-content\/uploads\/2018\/04\/gofi-favicon.png\",\"width\":512,\"height\":512,\"caption\":\"Gofi\"},\"image\":{\"@id\":\"https:\/\/gofi.es\/#\/schema\/logo\/image\/\"}}]}<\/script>\n<!-- \/ Yoast SEO plugin. -->","yoast_head_json":{"title":"Silla Gofi - Moderna y elegante silla de dise\u00f1o - GOFI","description":"La silla Gofi est\u00e1 trazada con un gesto r\u00e1pido: lineas rectas, un c\u00edrculo y un rect\u00e1ngulo;\u00a0Un dise\u00f1o aparentemente sencillo que pone el foco de inter\u00e9s en la parte trasera, la que m\u00e1s vemos de una silla cuando est\u00e1 junto a una mesa.","robots":{"index":"index","follow":"follow","max-snippet":"max-snippet:-1","max-image-preview":"max-image-preview:large","max-video-preview":"max-video-preview:-1"},"canonical":"https:\/\/gofi.es\/es\/producto\/silla-comedor-negra-gofi\/","og_locale":"es_ES","og_type":"article","og_title":"Silla Gofi - Moderna y elegante silla de dise\u00f1o - GOFI","og_description":"La silla Gofi est\u00e1 trazada con un gesto r\u00e1pido: lineas rectas, un c\u00edrculo y un rect\u00e1ngulo;\u00a0Un dise\u00f1o aparentemente sencillo que pone el foco de inter\u00e9s en la parte trasera, la que m\u00e1s vemos de una silla cuando est\u00e1 junto a una mesa.","og_url":"https:\/\/gofi.es\/es\/producto\/silla-comedor-negra-gofi\/","og_site_name":"GOFI","article_modified_time":"2024-12-02T00:03:16+00:00","og_image":[{"width":1328,"height":2000,"url":"https:\/\/gofi.es\/wp-content\/uploads\/2018\/11\/gofi-chair-perspective-black.jpg","type":"image\/jpeg"}],"twitter_card":"summary_large_image","twitter_misc":{"Tiempo de lectura":"1 minuto"},"schema":{"@context":"https:\/\/schema.org","@graph":[{"@type":"WebPage","@id":"https:\/\/gofi.es\/es\/producto\/silla-comedor-negra-gofi\/","url":"https:\/\/gofi.es\/es\/producto\/silla-comedor-negra-gofi\/","name":"Silla Gofi - Moderna y elegante silla de dise\u00f1o - GOFI","isPartOf":{"@id":"https:\/\/gofi.es\/#website"},"primaryImageOfPage":{"@id":"https:\/\/gofi.es\/es\/producto\/silla-comedor-negra-gofi\/#primaryimage"},"image":{"@id":"https:\/\/gofi.es\/es\/producto\/silla-comedor-negra-gofi\/#primaryimage"},"thumbnailUrl":"https:\/\/gofi.es\/wp-content\/uploads\/2018\/11\/gofi-chair-perspective-black.jpg","datePublished":"2018-11-22T15:13:17+00:00","dateModified":"2024-12-02T00:03:16+00:00","description":"La silla Gofi est\u00e1 trazada con un gesto r\u00e1pido: lineas rectas, un c\u00edrculo y un rect\u00e1ngulo;\u00a0Un dise\u00f1o aparentemente sencillo que pone el foco de inter\u00e9s en la parte trasera, la que m\u00e1s vemos de una silla cuando est\u00e1 junto a una mesa.","breadcrumb":{"@id":"https:\/\/gofi.es\/es\/producto\/silla-comedor-negra-gofi\/#breadcrumb"},"inLanguage":"es","potentialAction":[{"@type":"ReadAction","target":["https:\/\/gofi.es\/es\/producto\/silla-comedor-negra-gofi\/"]}]},{"@type":"ImageObject","inLanguage":"es","@id":"https:\/\/gofi.es\/es\/producto\/silla-comedor-negra-gofi\/#primaryimage","url":"https:\/\/gofi.es\/wp-content\/uploads\/2018\/11\/gofi-chair-perspective-black.jpg","contentUrl":"https:\/\/gofi.es\/wp-content\/uploads\/2018\/11\/gofi-chair-perspective-black.jpg","width":1328,"height":2000},{"@type":"BreadcrumbList","@id":"https:\/\/gofi.es\/es\/producto\/silla-comedor-negra-gofi\/#breadcrumb","itemListElement":[{"@type":"ListItem","position":1,"name":"Home","item":"https:\/\/gofi.es\/es\/"},{"@type":"ListItem","position":2,"name":"Todo","item":"https:\/\/gofi.es\/es\/tienda\/"},{"@type":"ListItem","position":3,"name":"Silla Gofi"}]},{"@type":"WebSite","@id":"https:\/\/gofi.es\/#website","url":"https:\/\/gofi.es\/","name":"GOFI","description":"","publisher":{"@id":"https:\/\/gofi.es\/#organization"},"inLanguage":"es"},{"@type":"Organization","@id":"https:\/\/gofi.es\/#organization","name":"Gofi","url":"https:\/\/gofi.es\/","logo":{"@type":"ImageObject","inLanguage":"es","@id":"https:\/\/gofi.es\/#\/schema\/logo\/image\/","url":"https:\/\/gofi.es\/wp-content\/uploads\/2018\/04\/gofi-favicon.png","contentUrl":"https:\/\/gofi.es\/wp-content\/uploads\/2018\/04\/gofi-favicon.png","width":512,"height":512,"caption":"Gofi"},"image":{"@id":"https:\/\/gofi.es\/#\/schema\/logo\/image\/"}}]}},"_links":{"self":[{"href":"https:\/\/gofi.es\/es\/wp-json\/wp\/v2\/product\/2680"}],"collection":[{"href":"https:\/\/gofi.es\/es\/wp-json\/wp\/v2\/product"}],"about":[{"href":"https:\/\/gofi.es\/es\/wp-json\/wp\/v2\/types\/product"}],"wp:featuredmedia":[{"embeddable":true,"href":"https:\/\/gofi.es\/es\/wp-json\/wp\/v2\/media\/2743"}],"wp:attachment":[{"href":"https:\/\/gofi.es\/es\/wp-json\/wp\/v2\/media?parent=2680"}],"wp:term":[{"taxonomy":"product_brand","embeddable":true,"href":"https:\/\/gofi.es\/es\/wp-json\/wp\/v2\/product_brand?post=2680"},{"taxonomy":"product_cat","embeddable":true,"href":"https:\/\/gofi.es\/es\/wp-json\/wp\/v2\/product_cat?post=2680"},{"taxonomy":"product_tag","embeddable":true,"href":"https:\/\/gofi.es\/es\/wp-json\/wp\/v2\/product_tag?post=2680"}],"curies":[{"name":"wp","href":"https:\/\/api.w.org\/{rel}","templated":true}]}}