{"id":1490,"date":"2018-03-05T17:17:42","date_gmt":"2018-03-05T17:17:45","guid":{"rendered":"https:\/\/gofi.es\/?post_type=product&#038;p=1490"},"modified":"2024-12-02T00:03:19","modified_gmt":"2024-12-02T00:03:19","slug":"lampara-colgante-lines-dots-lds12","status":"publish","type":"product","link":"https:\/\/gofi.es\/es\/producto\/lampara-colgante-lines-dots-lds12\/","title":{"rendered":"LDS12"},"content":{"rendered":"<p><strong>MATERIAL<\/strong><br \/>\nAcero pintado al polvo en negro semi mate.<\/p>\n<p><strong>L\u00c1MPARA<\/strong><\/p>\n<p>LED Reflector Par16 GU10<\/p>\n<p>Potencia: 7,5W.<\/p>\n<p>650 Lumens, Blanco c\u00e1lido (2700K),<\/p>\n<p>\u00c1ngulo 60\u00ba.<\/p>\n<p>Regulable.<\/p>\n","protected":false},"excerpt":{"rendered":"<p>MATERIAL Acero pintado al polvo en negro semi mate. L\u00c1MPARA LED Reflector Par16 GU10 Potencia: 7,5W. 650 Lumens, Blanco c\u00e1lido (2700K), \u00c1ngulo 60\u00ba. Regulable.<\/p>\n","protected":false},"featured_media":1528,"template":"","meta":{"_acf_changed":false},"product_brand":[],"product_cat":[33,70],"product_tag":[],"class_list":{"0":"post-1490","1":"product","2":"type-product","3":"status-publish","4":"has-post-thumbnail","6":"product_cat-iluminacion","7":"product_cat-lines-dots-es","9":"first","10":"instock","11":"taxable","12":"shipping-taxable","13":"purchasable","14":"product-type-variable"},"acf":[],"yoast_head":"<!-- This site is optimized with the Yoast SEO plugin v25.6 - https:\/\/yoast.com\/wordpress\/plugins\/seo\/ -->\n<title>LDS12 - GOFI<\/title>\n<meta name=\"robots\" content=\"index, follow, max-snippet:-1, max-image-preview:large, max-video-preview:-1\" \/>\n<link rel=\"canonical\" href=\"https:\/\/gofi.es\/es\/producto\/lampara-colgante-lines-dots-lds12\/\" \/>\n<meta property=\"og:locale\" content=\"es_ES\" \/>\n<meta property=\"og:type\" content=\"article\" \/>\n<meta property=\"og:title\" content=\"LDS12 - GOFI\" \/>\n<meta property=\"og:description\" content=\"MATERIAL Acero pintado al polvo en negro semi mate. L\u00c1MPARA LED Reflector Par16 GU10 Potencia: 7,5W. 650 Lumens, Blanco c\u00e1lido (2700K), \u00c1ngulo 60\u00ba. Regulable.\" \/>\n<meta property=\"og:url\" content=\"https:\/\/gofi.es\/es\/producto\/lampara-colgante-lines-dots-lds12\/\" \/>\n<meta property=\"og:site_name\" content=\"GOFI\" \/>\n<meta property=\"article:modified_time\" content=\"2024-12-02T00:03:19+00:00\" \/>\n<meta property=\"og:image\" content=\"https:\/\/gofi.es\/wp-content\/uploads\/2018\/03\/LDS12_yellow_grey.jpg\" \/>\n\t<meta property=\"og:image:width\" content=\"1330\" \/>\n\t<meta property=\"og:image:height\" content=\"2000\" \/>\n\t<meta property=\"og:image:type\" content=\"image\/jpeg\" \/>\n<meta name=\"twitter:card\" content=\"summary_large_image\" \/>\n<script type=\"application\/ld+json\" class=\"yoast-schema-graph\">{\"@context\":\"https:\/\/schema.org\",\"@graph\":[{\"@type\":\"WebPage\",\"@id\":\"https:\/\/gofi.es\/es\/producto\/lampara-colgante-lines-dots-lds12\/\",\"url\":\"https:\/\/gofi.es\/es\/producto\/lampara-colgante-lines-dots-lds12\/\",\"name\":\"LDS12 - GOFI\",\"isPartOf\":{\"@id\":\"https:\/\/gofi.es\/#website\"},\"primaryImageOfPage\":{\"@id\":\"https:\/\/gofi.es\/es\/producto\/lampara-colgante-lines-dots-lds12\/#primaryimage\"},\"image\":{\"@id\":\"https:\/\/gofi.es\/es\/producto\/lampara-colgante-lines-dots-lds12\/#primaryimage\"},\"thumbnailUrl\":\"https:\/\/gofi.es\/wp-content\/uploads\/2018\/03\/LDS12_yellow_grey.jpg\",\"datePublished\":\"2018-03-05T17:17:45+00:00\",\"dateModified\":\"2024-12-02T00:03:19+00:00\",\"breadcrumb\":{\"@id\":\"https:\/\/gofi.es\/es\/producto\/lampara-colgante-lines-dots-lds12\/#breadcrumb\"},\"inLanguage\":\"es\",\"potentialAction\":[{\"@type\":\"ReadAction\",\"target\":[\"https:\/\/gofi.es\/es\/producto\/lampara-colgante-lines-dots-lds12\/\"]}]},{\"@type\":\"ImageObject\",\"inLanguage\":\"es\",\"@id\":\"https:\/\/gofi.es\/es\/producto\/lampara-colgante-lines-dots-lds12\/#primaryimage\",\"url\":\"https:\/\/gofi.es\/wp-content\/uploads\/2018\/03\/LDS12_yellow_grey.jpg\",\"contentUrl\":\"https:\/\/gofi.es\/wp-content\/uploads\/2018\/03\/LDS12_yellow_grey.jpg\",\"width\":1330,\"height\":2000},{\"@type\":\"BreadcrumbList\",\"@id\":\"https:\/\/gofi.es\/es\/producto\/lampara-colgante-lines-dots-lds12\/#breadcrumb\",\"itemListElement\":[{\"@type\":\"ListItem\",\"position\":1,\"name\":\"Home\",\"item\":\"https:\/\/gofi.es\/es\/\"},{\"@type\":\"ListItem\",\"position\":2,\"name\":\"Todo\",\"item\":\"https:\/\/gofi.es\/es\/tienda\/\"},{\"@type\":\"ListItem\",\"position\":3,\"name\":\"LDS12\"}]},{\"@type\":\"WebSite\",\"@id\":\"https:\/\/gofi.es\/#website\",\"url\":\"https:\/\/gofi.es\/\",\"name\":\"GOFI\",\"description\":\"\",\"publisher\":{\"@id\":\"https:\/\/gofi.es\/#organization\"},\"inLanguage\":\"es\"},{\"@type\":\"Organization\",\"@id\":\"https:\/\/gofi.es\/#organization\",\"name\":\"Gofi\",\"url\":\"https:\/\/gofi.es\/\",\"logo\":{\"@type\":\"ImageObject\",\"inLanguage\":\"es\",\"@id\":\"https:\/\/gofi.es\/#\/schema\/logo\/image\/\",\"url\":\"https:\/\/gofi.es\/wp-content\/uploads\/2018\/04\/gofi-favicon.png\",\"contentUrl\":\"https:\/\/gofi.es\/wp-content\/uploads\/2018\/04\/gofi-favicon.png\",\"width\":512,\"height\":512,\"caption\":\"Gofi\"},\"image\":{\"@id\":\"https:\/\/gofi.es\/#\/schema\/logo\/image\/\"}}]}<\/script>\n<!-- \/ Yoast SEO plugin. -->","yoast_head_json":{"title":"LDS12 - GOFI","robots":{"index":"index","follow":"follow","max-snippet":"max-snippet:-1","max-image-preview":"max-image-preview:large","max-video-preview":"max-video-preview:-1"},"canonical":"https:\/\/gofi.es\/es\/producto\/lampara-colgante-lines-dots-lds12\/","og_locale":"es_ES","og_type":"article","og_title":"LDS12 - GOFI","og_description":"MATERIAL Acero pintado al polvo en negro semi mate. L\u00c1MPARA LED Reflector Par16 GU10 Potencia: 7,5W. 650 Lumens, Blanco c\u00e1lido (2700K), \u00c1ngulo 60\u00ba. Regulable.","og_url":"https:\/\/gofi.es\/es\/producto\/lampara-colgante-lines-dots-lds12\/","og_site_name":"GOFI","article_modified_time":"2024-12-02T00:03:19+00:00","og_image":[{"width":1330,"height":2000,"url":"https:\/\/gofi.es\/wp-content\/uploads\/2018\/03\/LDS12_yellow_grey.jpg","type":"image\/jpeg"}],"twitter_card":"summary_large_image","schema":{"@context":"https:\/\/schema.org","@graph":[{"@type":"WebPage","@id":"https:\/\/gofi.es\/es\/producto\/lampara-colgante-lines-dots-lds12\/","url":"https:\/\/gofi.es\/es\/producto\/lampara-colgante-lines-dots-lds12\/","name":"LDS12 - GOFI","isPartOf":{"@id":"https:\/\/gofi.es\/#website"},"primaryImageOfPage":{"@id":"https:\/\/gofi.es\/es\/producto\/lampara-colgante-lines-dots-lds12\/#primaryimage"},"image":{"@id":"https:\/\/gofi.es\/es\/producto\/lampara-colgante-lines-dots-lds12\/#primaryimage"},"thumbnailUrl":"https:\/\/gofi.es\/wp-content\/uploads\/2018\/03\/LDS12_yellow_grey.jpg","datePublished":"2018-03-05T17:17:45+00:00","dateModified":"2024-12-02T00:03:19+00:00","breadcrumb":{"@id":"https:\/\/gofi.es\/es\/producto\/lampara-colgante-lines-dots-lds12\/#breadcrumb"},"inLanguage":"es","potentialAction":[{"@type":"ReadAction","target":["https:\/\/gofi.es\/es\/producto\/lampara-colgante-lines-dots-lds12\/"]}]},{"@type":"ImageObject","inLanguage":"es","@id":"https:\/\/gofi.es\/es\/producto\/lampara-colgante-lines-dots-lds12\/#primaryimage","url":"https:\/\/gofi.es\/wp-content\/uploads\/2018\/03\/LDS12_yellow_grey.jpg","contentUrl":"https:\/\/gofi.es\/wp-content\/uploads\/2018\/03\/LDS12_yellow_grey.jpg","width":1330,"height":2000},{"@type":"BreadcrumbList","@id":"https:\/\/gofi.es\/es\/producto\/lampara-colgante-lines-dots-lds12\/#breadcrumb","itemListElement":[{"@type":"ListItem","position":1,"name":"Home","item":"https:\/\/gofi.es\/es\/"},{"@type":"ListItem","position":2,"name":"Todo","item":"https:\/\/gofi.es\/es\/tienda\/"},{"@type":"ListItem","position":3,"name":"LDS12"}]},{"@type":"WebSite","@id":"https:\/\/gofi.es\/#website","url":"https:\/\/gofi.es\/","name":"GOFI","description":"","publisher":{"@id":"https:\/\/gofi.es\/#organization"},"inLanguage":"es"},{"@type":"Organization","@id":"https:\/\/gofi.es\/#organization","name":"Gofi","url":"https:\/\/gofi.es\/","logo":{"@type":"ImageObject","inLanguage":"es","@id":"https:\/\/gofi.es\/#\/schema\/logo\/image\/","url":"https:\/\/gofi.es\/wp-content\/uploads\/2018\/04\/gofi-favicon.png","contentUrl":"https:\/\/gofi.es\/wp-content\/uploads\/2018\/04\/gofi-favicon.png","width":512,"height":512,"caption":"Gofi"},"image":{"@id":"https:\/\/gofi.es\/#\/schema\/logo\/image\/"}}]}},"_links":{"self":[{"href":"https:\/\/gofi.es\/es\/wp-json\/wp\/v2\/product\/1490"}],"collection":[{"href":"https:\/\/gofi.es\/es\/wp-json\/wp\/v2\/product"}],"about":[{"href":"https:\/\/gofi.es\/es\/wp-json\/wp\/v2\/types\/product"}],"wp:featuredmedia":[{"embeddable":true,"href":"https:\/\/gofi.es\/es\/wp-json\/wp\/v2\/media\/1528"}],"wp:attachment":[{"href":"https:\/\/gofi.es\/es\/wp-json\/wp\/v2\/media?parent=1490"}],"wp:term":[{"taxonomy":"product_brand","embeddable":true,"href":"https:\/\/gofi.es\/es\/wp-json\/wp\/v2\/product_brand?post=1490"},{"taxonomy":"product_cat","embeddable":true,"href":"https:\/\/gofi.es\/es\/wp-json\/wp\/v2\/product_cat?post=1490"},{"taxonomy":"product_tag","embeddable":true,"href":"https:\/\/gofi.es\/es\/wp-json\/wp\/v2\/product_tag?post=1490"}],"curies":[{"name":"wp","href":"https:\/\/api.w.org\/{rel}","templated":true}]}}